{"id":2377,"date":"2020-07-30T10:11:45","date_gmt":"2020-07-30T08:11:45","guid":{"rendered":"https:\/\/caials27.es\/mentions-legales\/"},"modified":"2021-02-22T14:59:59","modified_gmt":"2021-02-22T13:59:59","slug":"mentions-legales","status":"publish","type":"page","link":"https:\/\/caials27.es\/ca\/mentions-legales\/","title":{"rendered":"Mentions l\u00e9gales"},"content":{"rendered":"<p>L\u2019utilisation de ce site Internet vaut acceptation des conditions mentionn\u00e9es ci-apr\u00e8s. Caials 27 se r\u00e9serve la possibilit\u00e9 d\u2019engager des poursuites judiciaires en cas de violation de ces conditions d\u2019utilisation, notamment en cas de non-respect et d\u2019utilisation non autoris\u00e9e des noms et embl\u00e8mes\u00a0Caials 27 ou en cas de violation des droits li\u00e9s \u00e0 l\u2019information, au graphisme, aux textes, vid\u00e9os, documents audio, photos et images et plus g\u00e9n\u00e9ralement \u00e0 l\u2019ensemble du contenu du site.<\/p>\n<p><b>EDITEUR<\/b><\/p>\n<p>AttrapTemps<br \/>\n70 av Alfred Kastler \u2013 Perpignan<br \/>\n66100 Perpignan \u2013 France<br \/>\nCr\u00e9ation Graphique : AttrapTemps<br \/>\nR\u00e9alisation Technique : AttrapTemps<\/p>\n<p>&nbsp;<\/p>\n<p><b>H\u00c9BERGEMENT \u2013 S\u00c9CURIT\u00c9<\/b><\/p>\n<p>OVH<br \/>\n2 rue Kellerman59100 ROUBAIX<br \/>\n59100 Roubaix \u2013 France<br \/>\nRCS 424 761 419 000 45<br \/>\nSoci\u00e9t\u00e9 au capital social de 10 059 500 \u20ac<\/p>\n<p>&nbsp;<\/p>\n<p><b>DIRECTION DE LA PUBLICATION<\/b><\/p>\n<p>Caials 27<\/p>\n<p>Adresse<\/p>\n<p>&nbsp;<\/p>\n<p><b>DROITS D\u2019AUTEUR<\/b><\/p>\n<p>En application du Code fran\u00e7ais de la propri\u00e9t\u00e9 intellectuelle et plus g\u00e9n\u00e9ralement des trait\u00e9s et accords internationaux comportant des dispositions relatives \u00e0 la protection des droits d\u2019auteurs, il est interdit pour un usage autre que priv\u00e9 ou p\u00e9dagogique de reproduire, vendre, diffuser, modifier, publier int\u00e9gralement ou partiellement, sous quelque forme que ce soit les donn\u00e9es, la pr\u00e9sentation ou l\u2019organisation du site ainsi que les \u0153uvres prot\u00e9g\u00e9es par les droits d\u2019auteur qui y figurent, sans autorisation \u00e9crite particuli\u00e8re et pr\u00e9alable, dont la demande doit \u00eatre adress\u00e9e au webmaster<\/p>\n<p>&nbsp;<\/p>\n<p><b>LIENS<\/b><\/p>\n<p>Les responsables de services en ligne qui cr\u00e9ent des liens vers le pr\u00e9sent site sont tenus d\u2019en informer le webmaster. Ce site Internet peut comporter des liens vers d\u2019autres sites qui ne sont pas sous contr\u00f4le permanent. Ces liens sont consid\u00e9r\u00e9s comme utiles et pouvant enrichir l\u2019information pr\u00e9sente sur le site. Caials 27 n\u2019endosse aucune responsabilit\u00e9 relative \u00e0 ces sites, notamment en ce qui concerne l\u2019exactitude ou la fiabilit\u00e9 des informations, des donn\u00e9es et des opinions qui y figurent.<\/p>\n<p>&nbsp;<\/p>\n<p><b>PROTECTION DES DONN\u00c9ES PERSONNELLES<\/b><\/p>\n<p>Vous \u00eates amen\u00e9(e) \u00e0 communiquer des informations personnelles notamment lors de l\u2019utilisation du formulaire de contact. Les informations que vous transmettez sont \u00e0 usage exclusif de Caials 27 et ne seront en aucun cas transmises \u00e0 des tiers. Tout utilisateur ayant communiqu\u00e9 des informations directement ou indirectement nominatives, peut demander la communication de ces informations \u00e0 l\u2019administrateur du service et les faire rectifier le cas \u00e9ch\u00e9ant, conform\u00e9ment \u00e0 la loi fran\u00e7aise N 78-17 du 6 janvier 1978 relative \u00e0 l\u2019informatique, aux fichiers et aux libert\u00e9s. Pour exercer ce droit, adressez-vous au webmaster. Nous vous informons que la confidentialit\u00e9 des correspondances transmises par le r\u00e9seau Internet n\u2019est pas garantie.<\/p>\n<p>Les donn\u00e9es recueillis aupr\u00e8s des visiteurs qui auraient manifest\u00e9s leur soutiens sur le site internet pourront \u00eatre contact\u00e9 par email afin de les informer d\u2019actualit\u00e9s ou de manifestations, servant l\u2019int\u00e9r\u00eat qu\u2019ils auraient manifest\u00e9 pour Caials 27 et la cause qu\u2019ils d\u00e9fendent. Ces visiteurs pourront manifester leur refus d\u2019\u00eatre contact\u00e9 en envoyant un message via la page \u201cContact\u201d du site internet.<\/p>\n<p>&nbsp;<\/p>\n<p><b>D\u00c9CHARGE DE RESPONSABILIT\u00c9<\/b><\/p>\n<p>Caials 27 effectue les d\u00e9marches n\u00e9cessaires pour assurer la fiabilit\u00e9 des informations contenues dans ce site. Cependant, elle ne peut encourir une quelconque responsabilit\u00e9 du fait d\u2019erreurs, d\u2019omissions ou des r\u00e9sultats qui pourraient \u00eatre obtenus \u00e0 la suite de l\u2019usage des informations diffus\u00e9es. Caials 27 n\u2019est tenue qu\u2019\u00e0 une obligation de moyens concernant les informations mises \u00e0 disposition sur le site. De m\u00eame, elle n\u2019est en aucun cas responsable de l\u2019infection par des virus ou de tout autre probl\u00e8me informatique ayant des effets destructeurs.<\/p>\n<p>&nbsp;<\/p>\n<p><b>LES COOKIES<\/b><\/p>\n<p>Qu\u2019est-ce qu\u2019un cookie ?<\/p>\n<p>Un cookie est une information d\u00e9pos\u00e9e sur votre disque dur par le serveur du site que vous visitez. Ils ont notamment pour but de collecter des informations relatives \u00e0 votre navigation sur les sites et de vous adresser des services personnalis\u00e9s.<\/p>\n<p>&nbsp;<\/p>\n<p>Comment refuser les cookies ?<\/p>\n<p>Nous vous rappelons que le param\u00e9trage peut modifier vos conditions d\u2019acc\u00e8s \u00e0 certains services n\u00e9cessitant l\u2019utilisation de cookies, comme l\u2019acc\u00e8s \u00e0 votre compte. Vous pouvez \u00e0 tout moment choisir de d\u00e9sactiver ces cookies dans les param\u00e8tres de votre navigateur. Vous pouvez accepter ou refuser les cookies au cas par cas ou bien les refuser syst\u00e9matiquement une fois pour toutes.<\/p>\n","protected":false},"excerpt":{"rendered":"<p>L\u2019utilisation de ce site Internet vaut acceptation des conditions mentionn\u00e9es ci-apr\u00e8s. Caials 27 se r\u00e9serve la possibilit\u00e9 d\u2019engager des poursuites judiciaires en cas de violation de ces conditions d\u2019utilisation, notamment en cas de non-respect et d\u2019utilisation non autoris\u00e9e des noms et embl\u00e8mes\u00a0Caials 27 ou en cas de violation des droits li\u00e9s \u00e0 l\u2019information, au graphisme, [&hellip;]<\/p>\n","protected":false},"author":1,"featured_media":0,"parent":0,"menu_order":0,"comment_status":"closed","ping_status":"closed","template":"","meta":{"_acf_changed":false,"_et_pb_use_builder":"","_et_pb_old_content":"","_et_gb_content_width":"","inline_featured_image":false,"footnotes":""},"class_list":["post-2377","page","type-page","status-publish","hentry"],"acf":[],"yoast_head":"<!-- This site is optimized with the Yoast SEO plugin v27.4 - https:\/\/yoast.com\/product\/yoast-seo-wordpress\/ -->\n<title>Mentions l\u00e9gales - Caials 27<\/title>\n<meta name=\"robots\" content=\"index, follow, max-snippet:-1, max-image-preview:large, max-video-preview:-1\" \/>\n<link rel=\"canonical\" href=\"https:\/\/caials27.es\/ca\/mentions-legales\/\" \/>\n<meta property=\"og:locale\" content=\"ca_ES\" \/>\n<meta property=\"og:type\" content=\"article\" \/>\n<meta property=\"og:title\" content=\"Mentions l\u00e9gales - Caials 27\" \/>\n<meta property=\"og:description\" content=\"L\u2019utilisation de ce site Internet vaut acceptation des conditions mentionn\u00e9es ci-apr\u00e8s. Caials 27 se r\u00e9serve la possibilit\u00e9 d\u2019engager des poursuites judiciaires en cas de violation de ces conditions d\u2019utilisation, notamment en cas de non-respect et d\u2019utilisation non autoris\u00e9e des noms et embl\u00e8mes\u00a0Caials 27 ou en cas de violation des droits li\u00e9s \u00e0 l\u2019information, au graphisme, [&hellip;]\" \/>\n<meta property=\"og:url\" content=\"https:\/\/caials27.es\/ca\/mentions-legales\/\" \/>\n<meta property=\"og:site_name\" content=\"Caials 27\" \/>\n<meta property=\"article:modified_time\" content=\"2021-02-22T13:59:59+00:00\" \/>\n<meta name=\"twitter:card\" content=\"summary_large_image\" \/>\n<meta name=\"twitter:label1\" content=\"Temps estimat de lectura\" \/>\n\t<meta name=\"twitter:data1\" content=\"4 minuts\" \/>\n<script type=\"application\/ld+json\" class=\"yoast-schema-graph\">{\"@context\":\"https:\\\/\\\/schema.org\",\"@graph\":[{\"@type\":\"WebPage\",\"@id\":\"https:\\\/\\\/caials27.es\\\/ca\\\/mentions-legales\\\/\",\"url\":\"https:\\\/\\\/caials27.es\\\/ca\\\/mentions-legales\\\/\",\"name\":\"Mentions l\u00e9gales - Caials 27\",\"isPartOf\":{\"@id\":\"https:\\\/\\\/caials27.es\\\/#website\"},\"datePublished\":\"2020-07-30T08:11:45+00:00\",\"dateModified\":\"2021-02-22T13:59:59+00:00\",\"breadcrumb\":{\"@id\":\"https:\\\/\\\/caials27.es\\\/ca\\\/mentions-legales\\\/#breadcrumb\"},\"inLanguage\":\"ca\",\"potentialAction\":[{\"@type\":\"ReadAction\",\"target\":[\"https:\\\/\\\/caials27.es\\\/ca\\\/mentions-legales\\\/\"]}]},{\"@type\":\"BreadcrumbList\",\"@id\":\"https:\\\/\\\/caials27.es\\\/ca\\\/mentions-legales\\\/#breadcrumb\",\"itemListElement\":[{\"@type\":\"ListItem\",\"position\":1,\"name\":\"Accueil\",\"item\":\"https:\\\/\\\/caials27.es\\\/ca\\\/\"},{\"@type\":\"ListItem\",\"position\":2,\"name\":\"Mentions l\u00e9gales\"}]},{\"@type\":\"WebSite\",\"@id\":\"https:\\\/\\\/caials27.es\\\/#website\",\"url\":\"https:\\\/\\\/caials27.es\\\/\",\"name\":\"Caials 27\",\"description\":\"The Key to Cadaqu\u00e8s\",\"potentialAction\":[{\"@type\":\"SearchAction\",\"target\":{\"@type\":\"EntryPoint\",\"urlTemplate\":\"https:\\\/\\\/caials27.es\\\/?s={search_term_string}\"},\"query-input\":{\"@type\":\"PropertyValueSpecification\",\"valueRequired\":true,\"valueName\":\"search_term_string\"}}],\"inLanguage\":\"ca\"}]}<\/script>\n<!-- \/ Yoast SEO plugin. -->","yoast_head_json":{"title":"Mentions l\u00e9gales - Caials 27","robots":{"index":"index","follow":"follow","max-snippet":"max-snippet:-1","max-image-preview":"max-image-preview:large","max-video-preview":"max-video-preview:-1"},"canonical":"https:\/\/caials27.es\/ca\/mentions-legales\/","og_locale":"ca_ES","og_type":"article","og_title":"Mentions l\u00e9gales - Caials 27","og_description":"L\u2019utilisation de ce site Internet vaut acceptation des conditions mentionn\u00e9es ci-apr\u00e8s. Caials 27 se r\u00e9serve la possibilit\u00e9 d\u2019engager des poursuites judiciaires en cas de violation de ces conditions d\u2019utilisation, notamment en cas de non-respect et d\u2019utilisation non autoris\u00e9e des noms et embl\u00e8mes\u00a0Caials 27 ou en cas de violation des droits li\u00e9s \u00e0 l\u2019information, au graphisme, [&hellip;]","og_url":"https:\/\/caials27.es\/ca\/mentions-legales\/","og_site_name":"Caials 27","article_modified_time":"2021-02-22T13:59:59+00:00","twitter_card":"summary_large_image","twitter_misc":{"Temps estimat de lectura":"4 minuts"},"schema":{"@context":"https:\/\/schema.org","@graph":[{"@type":"WebPage","@id":"https:\/\/caials27.es\/ca\/mentions-legales\/","url":"https:\/\/caials27.es\/ca\/mentions-legales\/","name":"Mentions l\u00e9gales - Caials 27","isPartOf":{"@id":"https:\/\/caials27.es\/#website"},"datePublished":"2020-07-30T08:11:45+00:00","dateModified":"2021-02-22T13:59:59+00:00","breadcrumb":{"@id":"https:\/\/caials27.es\/ca\/mentions-legales\/#breadcrumb"},"inLanguage":"ca","potentialAction":[{"@type":"ReadAction","target":["https:\/\/caials27.es\/ca\/mentions-legales\/"]}]},{"@type":"BreadcrumbList","@id":"https:\/\/caials27.es\/ca\/mentions-legales\/#breadcrumb","itemListElement":[{"@type":"ListItem","position":1,"name":"Accueil","item":"https:\/\/caials27.es\/ca\/"},{"@type":"ListItem","position":2,"name":"Mentions l\u00e9gales"}]},{"@type":"WebSite","@id":"https:\/\/caials27.es\/#website","url":"https:\/\/caials27.es\/","name":"Caials 27","description":"The Key to Cadaqu\u00e8s","potentialAction":[{"@type":"SearchAction","target":{"@type":"EntryPoint","urlTemplate":"https:\/\/caials27.es\/?s={search_term_string}"},"query-input":{"@type":"PropertyValueSpecification","valueRequired":true,"valueName":"search_term_string"}}],"inLanguage":"ca"}]}},"_links":{"self":[{"href":"https:\/\/caials27.es\/ca\/wp-json\/wp\/v2\/pages\/2377","targetHints":{"allow":["GET"]}}],"collection":[{"href":"https:\/\/caials27.es\/ca\/wp-json\/wp\/v2\/pages"}],"about":[{"href":"https:\/\/caials27.es\/ca\/wp-json\/wp\/v2\/types\/page"}],"author":[{"embeddable":true,"href":"https:\/\/caials27.es\/ca\/wp-json\/wp\/v2\/users\/1"}],"replies":[{"embeddable":true,"href":"https:\/\/caials27.es\/ca\/wp-json\/wp\/v2\/comments?post=2377"}],"version-history":[{"count":1,"href":"https:\/\/caials27.es\/ca\/wp-json\/wp\/v2\/pages\/2377\/revisions"}],"predecessor-version":[{"id":2607,"href":"https:\/\/caials27.es\/ca\/wp-json\/wp\/v2\/pages\/2377\/revisions\/2607"}],"wp:attachment":[{"href":"https:\/\/caials27.es\/ca\/wp-json\/wp\/v2\/media?parent=2377"}],"curies":[{"name":"wp","href":"https:\/\/api.w.org\/{rel}","templated":true}]}}